  {"id":181,"date":"2017-06-10T06:31:20","date_gmt":"2017-06-10T06:31:20","guid":{"rendered":"https:\/\/kamleshyadav.in\/wp\/transport\/?page_id=7"},"modified":"2024-04-26T06:47:18","modified_gmt":"2024-04-26T05:47:18","slug":"home-2","status":"publish","type":"page","link":"https:\/\/fast-cs.com\/en\/","title":{"rendered":"Home"},"content":{"rendered":"<p><section class=\"fw-main-row \"  >\n\t<div class=\"fw-container-fluid\">\n\t\t<div class=\"fw-row\">\n\t<div class=\"fw-col-xs-12\">\n\t<div class=\"ed_slider_form_section\">\r\n<section class=\"ed_mainslider\">\r\n <article class=\"content\">\r\n  <div class=\"rev_slider_wrapper\">\r\n   \n\t\t\t<!-- START slider_versions_two REVOLUTION SLIDER 6.3.3 --><p class=\"rs-p-wp-fix\"><\/p>\n\t\t\t<rs-module-wrap id=\"rev_slider_1_1_wrapper\" data-source=\"gallery\" style=\"background:transparent;padding:0;\">\n\t\t\t\t<rs-module id=\"rev_slider_1_1\" style=\"\" data-version=\"6.3.3\">\n\t\t\t\t\t<rs-slides>\n\t\t\t\t\t\t<rs-slide data-key=\"rs-2\" data-title=\"Slide\" data-thumb=\"\/\/fast-cs.com\/wp-content\/uploads\/2017\/06\/slider4-1-100x50.jpg\" data-duration=\"5000\" data-anim=\"ei:d;eo:d;s:d;r:0;t:slotslide-horizontal;sl:d;\" data-p1=\"Transport\">\n\t\t\t\t\t\t\t<img loading=\"lazy\" decoding=\"async\" src=\"\/\/fast-cs.com\/wp-content\/uploads\/2023\/03\/1-AdobeStock_91119281.jpeg-e1621879452363.jpg\" title=\"AdobeStock_91119281.jpeg-e1621879452363\" width=\"1881\" height=\"916\" data-bg=\"p:right bottom;\" data-parallax=\"off\" class=\"rev-slidebg\" data-no-retina>\n<!--\n\t\t\t\t\t\t\t--><rs-layer\n\t\t\t\t\t\t\t\tid=\"slider-1-slide-2-layer-0\" \n\t\t\t\t\t\t\t\tdata-type=\"text\"\n\t\t\t\t\t\t\t\tdata-color=\"#ffffff\"\n\t\t\t\t\t\t\t\tdata-rsp_ch=\"on\"\n\t\t\t\t\t\t\t\tdata-xy=\"x:784px;y:315px;\"\n\t\t\t\t\t\t\t\tdata-text=\"w:normal;a:center;\"\n\t\t\t\t\t\t\t\tdata-frame_1=\"sp:2000;\"\n\t\t\t\t\t\t\t\tdata-frame_999=\"o:0;st:w;sR:3000;\"\n\t\t\t\t\t\t\t\tstyle=\"z-index:11;font-family:Roboto;\"\n\t\t\t\t\t\t\t> \n\t\t\t\t\t\t\t<\/rs-layer><!--\n\n\t\t\t\t\t\t\t--><rs-layer\n\t\t\t\t\t\t\t\tid=\"slider-1-slide-2-layer-1\" \n\t\t\t\t\t\t\t\tdata-type=\"text\"\n\t\t\t\t\t\t\t\tdata-color=\"#fff\"\n\t\t\t\t\t\t\t\tdata-tsh=\"c:rgba(0,0,0,0.75);h:7px;v:7px;b:10px;\"\n\t\t\t\t\t\t\t\tdata-rsp_ch=\"on\"\n\t\t\t\t\t\t\t\tdata-xy=\"x:316px;y:370px;\"\n\t\t\t\t\t\t\t\tdata-text=\"s:49;l:55;ls:-2;fw:800;a:inherit;\"\n\t\t\t\t\t\t\t\tdata-dim=\"minh:0;\"\n\t\t\t\t\t\t\t\tdata-frame_0=\"x:-89px;skX:85px;\"\n\t\t\t\t\t\t\t\tdata-frame_1=\"e:power4.inOut;sp:2000;sR:10;\"\n\t\t\t\t\t\t\t\tdata-frame_999=\"o:0;e:power4.inOut;st:w;sR:2990;\"\n\t\t\t\t\t\t\t\tstyle=\"z-index:8;font-family:Poppins;\"\n\t\t\t\t\t\t\t>Ihr Partner f\u00fcr reibungslose \n\t\t\t\t\t\t\t<\/rs-layer><!--\n\n\t\t\t\t\t\t\t--><rs-layer\n\t\t\t\t\t\t\t\tid=\"slider-1-slide-2-layer-3\" \n\t\t\t\t\t\t\t\tdata-type=\"text\"\n\t\t\t\t\t\t\t\tdata-color=\"#fff\"\n\t\t\t\t\t\t\t\tdata-bsh=\"c:rgba(0,0,0,0.25);h:5px;b:11px;\"\n\t\t\t\t\t\t\t\tdata-tsh=\"c:rgba(0,0,0,0.75);v:10px;b:10px;\"\n\t\t\t\t\t\t\t\tdata-rsp_ch=\"on\"\n\t\t\t\t\t\t\t\tdata-xy=\"x:317px;y:419px;\"\n\t\t\t\t\t\t\t\tdata-text=\"s:46;l:52;ls:-2;fw:800;a:inherit;\"\n\t\t\t\t\t\t\t\tdata-dim=\"minh:0;\"\n\t\t\t\t\t\t\t\tdata-frame_0=\"x:-114px;skX:85px;\"\n\t\t\t\t\t\t\t\tdata-frame_1=\"e:power4.in;sp:2000;sR:10;\"\n\t\t\t\t\t\t\t\tdata-frame_999=\"o:0;e:power4.in;st:w;sR:2990;\"\n\t\t\t\t\t\t\t\tstyle=\"z-index:9;font-family:Poppins;\"\n\t\t\t\t\t\t\t>Zollabfertigung \n\t\t\t\t\t\t\t<\/rs-layer><!--\n\n\t\t\t\t\t\t\t--><rs-layer\n\t\t\t\t\t\t\t\tid=\"slider-1-slide-2-layer-5\" \n\t\t\t\t\t\t\t\tdata-type=\"text\"\n\t\t\t\t\t\t\t\tdata-color=\"#fff\"\n\t\t\t\t\t\t\t\tdata-rsp_ch=\"on\"\n\t\t\t\t\t\t\t\tdata-xy=\"x:314px;y:c;yo:224px;\"\n\t\t\t\t\t\t\t\tdata-text=\"w:nowrap;s:40;l:44;ls:2;fw:800;a:inherit;\"\n\t\t\t\t\t\t\t\tdata-dim=\"minh:0px;\"\n\t\t\t\t\t\t\t\tdata-frame_0=\"y:119px;\"\n\t\t\t\t\t\t\t\tdata-frame_1=\"sp:2000;\"\n\t\t\t\t\t\t\t\tdata-frame_999=\"y:119px;o:0;e:power2.out;st:w;sp:2000;sR:3000;\"\n\t\t\t\t\t\t\t\tstyle=\"z-index:10;font-family:Raleway;font-style:italic;\"\n\t\t\t\t\t\t\t>Qualit\u00e4t, die \u00fcberzeugt. \n\t\t\t\t\t\t\t<\/rs-layer><!--\n-->\t\t\t\t\t\t<\/rs-slide>\n\t\t\t\t\t\t<rs-slide data-key=\"rs-3\" data-title=\"Slide\" data-thumb=\"\/\/fast-cs.com\/wp-content\/uploads\/2017\/06\/slider5-1-100x50.jpg\" data-anim=\"ei:d;eo:d;s:d;r:0;t:slotslide-vertical;sl:d;\">\n\t\t\t\t\t\t\t<img loading=\"lazy\" decoding=\"async\" src=\"\/\/fast-cs.com\/wp-content\/uploads\/2023\/03\/hinweisschild-zollamt-an-einem-berliner-gebaeude-archivbild-nach-dem-grossdiebstahl-auf-das-hauptzollamt-wurde-nun-der-letzte-angeklagte-verurteilt.webp\" title=\"hinweisschild-zollamt-an-einem-berliner-gebaeude-archivbild-nach-dem-grossdiebstahl-auf-das-hauptzollamt-wurde-nun-der-letzte-angeklagte-verurteilt\" width=\"768\" height=\"432\" data-parallax=\"off\" class=\"rev-slidebg\" data-no-retina>\n<!--\n\t\t\t\t\t\t\t--><rs-layer\n\t\t\t\t\t\t\t\tid=\"slider-1-slide-3-layer-1\" \n\t\t\t\t\t\t\t\tdata-type=\"text\"\n\t\t\t\t\t\t\t\tdata-color=\"#ffffff\"\n\t\t\t\t\t\t\t\tdata-rsp_ch=\"on\"\n\t\t\t\t\t\t\t\tdata-xy=\"x:-1px;y:166px;\"\n\t\t\t\t\t\t\t\tdata-text=\"s:63;l:22;a:inherit;\"\n\t\t\t\t\t\t\t\tdata-dim=\"w:980px;h:60px;\"\n\t\t\t\t\t\t\t\tdata-frame_0=\"x:left;o:1;\"\n\t\t\t\t\t\t\t\tdata-frame_1=\"e:power3.out;sp:5000;sR:10;\"\n\t\t\t\t\t\t\t\tdata-frame_999=\"o:0;e:power3.out;st:w;sR:3990;\"\n\t\t\t\t\t\t\t\tstyle=\"z-index:5;font-family:Palatino Linotype, Book Antiqua, Palatino, serif;\"\n\t\t\t\t\t\t\t>Kontaktieren Sie uns jetzt \n\t\t\t\t\t\t\t<\/rs-layer><!--\n\n\t\t\t\t\t\t\t--><rs-layer\n\t\t\t\t\t\t\t\tid=\"slider-1-slide-3-layer-3\" \n\t\t\t\t\t\t\t\tdata-type=\"text\"\n\t\t\t\t\t\t\t\tdata-color=\"#ffffff\"\n\t\t\t\t\t\t\t\tdata-rsp_ch=\"on\"\n\t\t\t\t\t\t\t\tdata-xy=\"x:42px;y:241px;\"\n\t\t\t\t\t\t\t\tdata-text=\"s:63;l:22;a:inherit;\"\n\t\t\t\t\t\t\t\tdata-frame_0=\"x:right;o:1;\"\n\t\t\t\t\t\t\t\tdata-frame_1=\"e:power3.out;sp:5000;sR:10;\"\n\t\t\t\t\t\t\t\tdata-frame_999=\"o:0;e:power3.out;st:w;sR:3990;\"\n\t\t\t\t\t\t\t\tstyle=\"z-index:6;font-family:Times New Roman, Times, serif;\"\n\t\t\t\t\t\t\t> \n\t\t\t\t\t\t\t<\/rs-layer><!--\n\n\t\t\t\t\t\t\t--><rs-layer\n\t\t\t\t\t\t\t\tid=\"slider-1-slide-3-layer-4\" \n\t\t\t\t\t\t\t\tdata-type=\"text\"\n\t\t\t\t\t\t\t\tdata-color=\"#ffffff\"\n\t\t\t\t\t\t\t\tdata-rsp_ch=\"on\"\n\t\t\t\t\t\t\t\tdata-xy=\"x:57px;y:379px;\"\n\t\t\t\t\t\t\t\tdata-text=\"s:20;l:20;fw:500;a:inherit;\"\n\t\t\t\t\t\t\t\tdata-frame_0=\"y:50px;\"\n\t\t\t\t\t\t\t\tdata-frame_1=\"e:power3.in;sp:2000;sR:10;\"\n\t\t\t\t\t\t\t\tdata-frame_999=\"y:50px;o:0;e:power3.in;st:w;sp:2000;sR:6990;\"\n\t\t\t\t\t\t\t\tstyle=\"z-index:7;font-family:Courier New, Courier, monospace;\"\n\t\t\t\t\t\t\t> \n\t\t\t\t\t\t\t<\/rs-layer><!--\n-->\t\t\t\t\t\t<\/rs-slide>\n\t\t\t\t\t<\/rs-slides>\n\t\t\t\t<\/rs-module>\n\t\t\t\t<script type=\"text\/javascript\">\n\t\t\t\t\tsetREVStartSize({c: 'rev_slider_1_1',rl:[1240,1024,778,480],el:[600],gw:[1240],gh:[600],type:'standard',justify:'',layout:'fullscreen',offsetContainer:'',offset:'',mh:\"0\"});\n\t\t\t\t\tvar\trevapi1,\n\t\t\t\t\t\ttpj;\n\t\t\t\t\tfunction revinit_revslider11() {\n\t\t\t\t\tjQuery(function() {\n\t\t\t\t\t\ttpj = jQuery;\n\t\t\t\t\t\trevapi1 = tpj(\"#rev_slider_1_1\");\n\t\t\t\t\t\tif(revapi1==undefined || revapi1.revolution == undefined){\n\t\t\t\t\t\t\trevslider_showDoubleJqueryError(\"rev_slider_1_1\");\n\t\t\t\t\t\t}else{\n\t\t\t\t\t\t\trevapi1.revolution({\n\t\t\t\t\t\t\t\tsliderLayout:\"fullscreen\",\n\t\t\t\t\t\t\t\tdottedOverlay:\"twoxtwo\",\n\t\t\t\t\t\t\t\tduration:8000,\n\t\t\t\t\t\t\t\tvisibilityLevels:\"1240,1024,778,480\",\n\t\t\t\t\t\t\t\tgridwidth:1240,\n\t\t\t\t\t\t\t\tgridheight:600,\n\t\t\t\t\t\t\t\tspinner:\"spinner0\",\n\t\t\t\t\t\t\t\tperspective:600,\n\t\t\t\t\t\t\t\tperspectiveType:\"local\",\n\t\t\t\t\t\t\t\teditorheight:\"600,768,960,720\",\n\t\t\t\t\t\t\t\tresponsiveLevels:\"1240,1024,778,480\",\n\t\t\t\t\t\t\t\tprogressBar:{disableProgressBar:true},\n\t\t\t\t\t\t\t\tnavigation: {\n\t\t\t\t\t\t\t\t\tmouseScrollNavigation:false,\n\t\t\t\t\t\t\t\t\twheelCallDelay:1000,\n\t\t\t\t\t\t\t\t\tonHoverStop:false,\n\t\t\t\t\t\t\t\t\tarrows: {\n\t\t\t\t\t\t\t\t\t\tenable:true,\n\t\t\t\t\t\t\t\t\t\tstyle:\"persephone\",\n\t\t\t\t\t\t\t\t\t\tleft: {\n\n\t\t\t\t\t\t\t\t\t\t},\n\t\t\t\t\t\t\t\t\t\tright: {\n\n\t\t\t\t\t\t\t\t\t\t}\n\t\t\t\t\t\t\t\t\t}\n\t\t\t\t\t\t\t\t},\n\t\t\t\t\t\t\t\tparallax: {\n\t\t\t\t\t\t\t\t\tlevels:[5,10,15,20,25,30,35,40,45,46,47,48,49,50,51,55],\n\t\t\t\t\t\t\t\t\ttype:\"mouse\"\n\t\t\t\t\t\t\t\t},\n\t\t\t\t\t\t\t\tfallbacks: {\n\t\t\t\t\t\t\t\t\tallowHTML5AutoPlayOnAndroid:true\n\t\t\t\t\t\t\t\t},\n\t\t\t\t\t\t\t});\n\t\t\t\t\t\t}\n\t\t\t\t\t\t\n\t\t\t\t\t});\n\t\t\t\t\t} \/\/ End of RevInitScript\n\t\t\t\tvar once_revslider11 = false;\n\t\t\t\tif (document.readyState === \"loading\") {document.addEventListener('readystatechange',function() { if((document.readyState === \"interactive\" || document.readyState === \"complete\") && !once_revslider11 ) { once_revslider11 = true; revinit_revslider11();}});} else {once_revslider11 = true; revinit_revslider11();}\n\t\t\t\t<\/script>\n\t\t\t\t<script>\n\t\t\t\t\tvar htmlDivCss = unescape(\"%23rev_slider_1_1_wrapper%20.persephone.tparrows%20%7B%0A%09cursor%3Apointer%3B%0A%09background%3Argba%28201%2C201%2C201%2C0.75%29%3B%0A%09width%3A40px%3B%0A%09height%3A40px%3B%0A%09position%3Aabsolute%3B%0A%09display%3Ablock%3B%0A%09z-index%3A1000%3B%0A%20%20%20%20border%3A1px%20solid%20%23ffffff%3B%0A%7D%0A%23rev_slider_1_1_wrapper%20.persephone.tparrows%3Ahover%20%7B%0A%09background%3A%23000000%3B%0A%7D%0A%23rev_slider_1_1_wrapper%20.persephone.tparrows%3Abefore%20%7B%0A%09font-family%3A%20%27revicons%27%3B%0A%09font-size%3A15px%3B%0A%09color%3A%20%23ffffff%3B%0A%09display%3Ablock%3B%0A%09line-height%3A%2040px%3B%0A%09text-align%3A%20center%3B%0A%7D%0A%23rev_slider_1_1_wrapper%20.persephone.tparrows.tp-leftarrow%3Abefore%20%7B%0A%09content%3A%20%27%5Ce824%27%3B%0A%7D%0A%23rev_slider_1_1_wrapper%20.persephone.tparrows.tp-rightarrow%3Abefore%20%7B%0A%09content%3A%20%27%5Ce825%0A%27%3B%0A%7D%0A%0A%0A\");\n\t\t\t\t\tvar htmlDiv = document.getElementById('rs-plugin-settings-inline-css');\n\t\t\t\t\tif(htmlDiv) {\n\t\t\t\t\t\thtmlDiv.innerHTML = htmlDiv.innerHTML + htmlDivCss;\n\t\t\t\t\t}else{\n\t\t\t\t\t\tvar htmlDiv = document.createElement('div');\n\t\t\t\t\t\thtmlDiv.innerHTML = '<style>' + htmlDivCss + '<\/style>';\n\t\t\t\t\t\tdocument.getElementsByTagName('head')[0].appendChild(htmlDiv.childNodes[0]);\n\t\t\t\t\t}\n\t\t\t\t<\/script>\n\t\t\t\t<script>\n\t\t\t\t\tvar htmlDivCss = unescape(\"%0A%0A\");\n\t\t\t\t\tvar htmlDiv = document.getElementById('rs-plugin-settings-inline-css');\n\t\t\t\t\tif(htmlDiv) {\n\t\t\t\t\t\thtmlDiv.innerHTML = htmlDiv.innerHTML + htmlDivCss;\n\t\t\t\t\t}else{\n\t\t\t\t\t\tvar htmlDiv = document.createElement('div');\n\t\t\t\t\t\thtmlDiv.innerHTML = '<style>' + htmlDivCss + '<\/style>';\n\t\t\t\t\t\tdocument.getElementsByTagName('head')[0].appendChild(htmlDiv.childNodes[0]);\n\t\t\t\t\t}\n\t\t\t\t<\/script>\n\t\t\t<\/rs-module-wrap>\n\t\t\t<!-- END REVOLUTION SLIDER -->\n \r\n  <\/div>\r\n <\/article>  \r\n<\/section>\r\n<\/div>   <\/div>\n<\/div>\n\n\t<\/div>\n<\/section>\n<section class=\"fw-main-row \" style=\"background-color:#f5f5f5;\" >\n\t<div class=\"fw-container-fluid\">\n\t\t<div class=\"fw-row\">\n\t<div class=\"fw-col-xs-12\">\n\t<div class=\"ed_graysection ed_toppadder90 ed_bottompadder60\">\r\n\t<div class=\"container\">\r\n\t\t<div class=\"row\">\r\n\t\t\t<div class=\"col-lg-12 col-md-12 col-sm-12 col-xs-12\">\r\n\t\t\t\t\t\t\t<div class=\"ed_heading_top ed_bottompadder50\">\r\n\t\t\t\t\t<h3>Ihre Vorteile bei uns<\/h3>\r\n\t\t\t\t<\/div>\r\n\t\t\t\t\t\t<\/div>\r\n\t\t\t \r\n\t\t\t<div class=\"col-lg-4 col-md-4 col-sm-6 col-xs-12\">\r\n\t\t\t\t<div class=\"skill_section\">\r\n\t\t\t  \t    \t\t\t\t\t<h4>Vertrauen<\/h4>\r\n\t\t\t\t    \t\t\t\t   <p>Wir bringen langj\u00e4hrige Erfahrung mit und sind im Bereich Zoll spezialisiert. Unser Ziel ist es Ihr Weg zum Kunden so einfach wie m\u00f6glich zu machen.<\/p>\r\n\t\t\t\t\t<span>\r\n\t\t\t\t\t<i class=\"fa fa-handshake-o\" aria-hidden=\"true\"><\/i>\t\t\t\t\t<\/span>\r\n\t\t\t\t<\/div>\r\n\t\t\t<\/div>\r\n\t\t    \r\n\t\t\t<div class=\"col-lg-4 col-md-4 col-sm-6 col-xs-12\">\r\n\t\t\t\t<div class=\"skill_section\">\r\n\t\t\t  \t    \t\t\t\t\t<h4>fast.<\/h4>\r\n\t\t\t\t    \t\t\t\t   <p>Reaktionszeit ist reine Nervensache, f\u00fcr uns jedoch etwas, was zum Alltag geh\u00f6rt.<\/p>\r\n\t\t\t\t\t<span>\r\n\t\t\t\t\t<i class=\"fa fa-child\" aria-hidden=\"true\"><\/i>\t\t\t\t\t<\/span>\r\n\t\t\t\t<\/div>\r\n\t\t\t<\/div>\r\n\t\t    \r\n\t\t\t<div class=\"col-lg-4 col-md-4 col-sm-6 col-xs-12\">\r\n\t\t\t\t<div class=\"skill_section\">\r\n\t\t\t  \t    \t\t\t\t\t<h4>24\/7 Erreichbarkeit<\/h4>\r\n\t\t\t\t    \t\t\t\t   <p>Flexibilit\u00e4t und Spontanit\u00e4t sind nichts neues f\u00fcr uns. \r\nUnser junges Team steht Ihnen zur Verf\u00fcgung.<\/p>\r\n\t\t\t\t\t<span>\r\n\t\t\t\t\t<img decoding=\"async\" src=\"https:\/\/fast-cs.com\/wp-content\/uploads\/2023\/09\/il_fullxfull.4551743337_3w2h-60x60.webp\" alt=\"\">\t\t\t\t\t<\/span>\r\n\t\t\t\t<\/div>\r\n\t\t\t<\/div>\r\n\t\t    \r\n\t\t\t<div class=\"col-lg-4 col-md-4 col-sm-6 col-xs-12\">\r\n\t\t\t\t<div class=\"skill_section\">\r\n\t\t\t  \t    \t\t\t\t\t<h4>Authorized Economic Operator<\/h4>\r\n\t\t\t\t    \t\t\t\t   <p>Die AEO-Zertifizierung ist ein weltweit anerkanntes G\u00fctesiegel, das best\u00e4tigt, dass unsere Rolle in der internationalen Lieferkette sicher ist, und dass wir ein vertrauensw\u00fcrdiger Gesch\u00e4ftspartner sind.<\/p>\r\n\t\t\t\t\t<span>\r\n\t\t\t\t\t<img decoding=\"async\" src=\"https:\/\/fast-cs.com\/wp-content\/uploads\/2023\/09\/AEO-logo-60x60.png\" alt=\"\">\t\t\t\t\t<\/span>\r\n\t\t\t\t<\/div>\r\n\t\t\t<\/div>\r\n\t\t   \t\t<\/div>\r\n\t<\/div>\r\n<\/div> \r\n<\/div>\n<\/div>\n\n\t<\/div>\n<\/section>\n<section class=\"fw-main-row \"  >\n\t<div class=\"fw-container\">\n\t\t<div class=\"fw-row\">\n\t<div class=\"fw-col-xs-12\">\n\t<div class=\"ed_transprentbg\">\n\t<div class=\"container\">\n\t\t<div class=\"row\">\n\t\t\t<div class=\"col-lg-6 col-md-6 col-sm-12\">\n\t\t\t\t\t\t\t<div class=\"ed_video_section_discription_img\">\n\t\t\t\t\t<img decoding=\"async\" src=\"https:\/\/fast-cs.com\/wp-content\/uploads\/2023\/03\/43179211.png\" style=\"cursor:pointer\"  alt=\"1\" \/>\n\t\t\t\t<\/div>\n\t\t\t\t\t\t<\/div>\n\t\t\t<div class=\"col-lg-6 col-md-6 col-sm-12\">\n\t\t\t\t<div class=\"ed_video_section_discription ed_toppadder90\">\n\t\t\t\t\t\t\t\t\t\t  <h4>Zoll - Douane<\/h4>\n\t\t\t\t   \t\t\t\t    <p>Bei Transporten au\u00dferhalb der Europ\u00e4ischen Union (EU) k\u00f6nnen zus\u00e4tzliche Kosten entstehen, wenn Ihre Ware verzollt werden muss. Um den gesamten Prozess f\u00fcr Sie zu vereinfachen, \u00fcbernehmen wir alle Formalit\u00e4ten der Import- und Exportverzollung. Unser Ziel ist es, die Zollabfertigung f\u00fcr Sie so einfach und zeitsparend wie m\u00f6glich zu gestalten, damit Ihre Waren so g\u00fcnstig und schnell wie m\u00f6glich versendet werden k\u00f6nnen.<\/p>\n\t\t\t\t\t\t\t\t\t\t<span><a href=\"https:\/\/www.zoll.de\/static\/videos\/zoll_erklaert.mp4\" class=\"btn ed_btn ed_orange\">Der Zoll - Einfach erkl\u00e4rt. VIDEO<\/a><\/span>\n\t\t\t\t   \t\t\t\t<\/div>\n\t\t\t<\/div>\n\t\t<\/div>\n    <\/div>\n<\/div>\n<\/div>\n<\/div>\n\n<div class=\"fw-row\">\n\t<div class=\"fw-col-xs-12\">\n\t\n<div class=\"ed_transprentbg ed_toppadder100\">\n\t<div class=\"container\">\n\t\t<div class=\"row\">\n\t\t  <div class=\"ed_counter_wrapper\">\n\t\t\t\n\t\t\t\t \n\t\t\t\t<div class=\"col-lg-4 col-md-4 col-sm-4 col-xs-12\">\n\t\t\t\t\t<div class=\"ed_chart_ratio\">\n\t\t\t\t\t<i class=\"fa fa-check\" aria-hidden=\"true\"><\/i>\t\t\t\t\t    <h4>Kompetenz.<\/h4>\n\t\t\t\t\t \t\t\t\t\t <p>Know-How ist unser Image.<\/p>\n\t\t\t\t    <\/div>\n\t\t\t\t<\/div>\n\t\t\t\t \n\t\t\t\t<div class=\"col-lg-4 col-md-4 col-sm-4 col-xs-12\">\n\t\t\t\t\t<div class=\"ed_chart_ratio\">\n\t\t\t\t\t<i class=\"fa fa-star-o\" aria-hidden=\"true\"><\/i>\t\t\t\t\t    <h4>Qualit\u00e4t.<\/h4>\n\t\t\t\t\t \t\t\t\t\t <p>Wir entsprechen Ihren Anforderungen.<\/p>\n\t\t\t\t    <\/div>\n\t\t\t\t<\/div>\n\t\t\t\t \n\t\t\t\t<div class=\"col-lg-4 col-md-4 col-sm-4 col-xs-12\">\n\t\t\t\t\t<div class=\"ed_chart_ratio\">\n\t\t\t\t\t<i class=\"fa fa-clock-o\" aria-hidden=\"true\"><\/i>\t\t\t\t\t    <h4>fast.<\/h4>\n\t\t\t\t\t \t\t\t\t\t <p>Wartezeiten sind Vergangenheit.<\/p>\n\t\t\t\t    <\/div>\n\t\t\t\t<\/div>\n\t\t\t\t\t\t\t<\/div>\n        <\/div>\n\t<\/div>\n<\/div> \n<\/div>\n<\/div>\n\n\t<\/div>\n<\/section>\n<section class=\"fw-main-row  background-video\" style=\"background-color:#f5f5f5;\" data-background-options=\"{&quot;source&quot;:{&quot;mp4&quot;:&quot;https:\\\/\\\/www.zoll.de\\\/static\\\/videos\\\/zoll_erklaert.mp4&quot;}}\">\n\t<div class=\"fw-container-fluid\">\n\t\t\t<\/div>\n<\/section>\n<section class=\"fw-main-row \"  >\n\t<div class=\"fw-container\">\n\t\t<div class=\"fw-row\">\n\t<div class=\"fw-col-xs-12\">\n\t<!-- WARNING: Unknown location provider \"\" specified for map shortcode --><\/div>\n<\/div>\n\n\t<\/div>\n<\/section>\n<\/p>\n","protected":false},"excerpt":{"rendered":"<p>Ihr Partner f\u00fcr reibungslose Zollabfertigung Qualit\u00e4t, die \u00fcberzeugt. Kontaktieren Sie uns jetzt Ihre Vorteile bei uns Vertrauen Wir bringen langj\u00e4hrige Erfahrung mit und sind im Bereich Zoll spezialisiert. Unser Ziel ist es Ihr Weg zum Kunden so einfach wie m\u00f6glich zu machen. fast. Reaktionszeit ist reine Nervensache, f\u00fcr uns jedoch etwas, was zum Alltag geh\u00f6rt. [&hellip;]<\/p>\n","protected":false},"author":1,"featured_media":0,"parent":0,"menu_order":0,"comment_status":"closed","ping_status":"closed","template":"template-parts\/transport-page-fullwidth.php","meta":{"footnotes":""},"class_list":["post-181","page","type-page","status-publish","hentry"],"_links":{"self":[{"href":"https:\/\/fast-cs.com\/en\/wp-json\/wp\/v2\/pages\/181","targetHints":{"allow":["GET"]}}],"collection":[{"href":"https:\/\/fast-cs.com\/en\/wp-json\/wp\/v2\/pages"}],"about":[{"href":"https:\/\/fast-cs.com\/en\/wp-json\/wp\/v2\/types\/page"}],"author":[{"embeddable":true,"href":"https:\/\/fast-cs.com\/en\/wp-json\/wp\/v2\/users\/1"}],"replies":[{"embeddable":true,"href":"https:\/\/fast-cs.com\/en\/wp-json\/wp\/v2\/comments?post=181"}],"version-history":[{"count":47,"href":"https:\/\/fast-cs.com\/en\/wp-json\/wp\/v2\/pages\/181\/revisions"}],"predecessor-version":[{"id":864,"href":"https:\/\/fast-cs.com\/en\/wp-json\/wp\/v2\/pages\/181\/revisions\/864"}],"wp:attachment":[{"href":"https:\/\/fast-cs.com\/en\/wp-json\/wp\/v2\/media?parent=181"}],"curies":[{"name":"wp","href":"https:\/\/api.w.org\/{rel}","templated":true}]}}