 {"id":185,"date":"2017-06-10T06:32:34","date_gmt":"2017-06-10T06:32:34","guid":{"rendered":"https:\/\/kamleshyadav.in\/wp\/transport\/?page_id=11"},"modified":"2023-08-22T14:57:29","modified_gmt":"2023-08-22T13:57:29","slug":"service","status":"publish","type":"page","link":"https:\/\/fast-cs.com\/en\/service\/","title":{"rendered":"Services"},"content":{"rendered":"<section class=\"fw-main-row\"  >\n\t<div class=\"fw-container\">\n\t\t<div class=\"fw-row\">\n\t<div class=\"fw-col-xs-12\">\n\t<div class=\"ed_graysection ed_toppadder90 ed_bottompadder60\">\r\n\t<div class=\"container\">\r\n\t\t<div class=\"row\">\r\n\t\t\t<div class=\"col-lg-12 col-md-12 col-sm-12 col-xs-12\">\r\n\t\t\t\t\t\t\t<div class=\"ed_heading_top ed_bottompadder50\">\r\n\t\t\t\t   <h3>Services<\/h3>\r\n\t\t\t\t<\/div>\r\n\t\t\t\t\t\t<\/div>\r\n\t\t\t<div class=\"ed_mostrecomeded_course_slider\" id=\"load_services\">\r\n\t\t\t\t\t\t\t<div class=\"col-lg-3 col-md-3 col-sm-6 col-xs-12\">\r\n\t\t\t\t\t<div class=\"ed_mostrecomeded_course\">\r\n\t\t\t\t\t\t\t\t\t\t\t<div class=\"ed_item_img\">\r\n\t\t\t\t\t\t\t<img decoding=\"async\" src=\"https:\/\/fast-cs.com\/wp-content\/uploads\/2015\/03\/zollpapiereicon.png\" alt=\"item1\" class=\"img-responsive\">\r\n\t\t\t\t\t\t<\/div>\r\n\t\t\t\t\t\t\t\t\t\t\t<div class=\"ed_item_description ed_most_recomended_data\">\r\n\t\t\t\t\t\t\t<h4><a href=\"https:\/\/fast-cs.com\/en\/services\/ausfuhrbegleitdokument\/\">Export Accompanying Documents<\/a><\/h4>\r\n\t\t\t\t\t\t\t<p>\r\n\r\n\r\n\r\n\r\n\r\n\r\n\r\n\r\n\r\n\r\nWould you like to ship goods to a third country? We will be happy to assist you with the creation of an export accompanying document (AE \/ ABD). Click here for more... <\/p>\r\n\t\t\t\t\t\t<\/div>\r\n\t\t\t\t\t<\/div>\r\n\t\t\t\t<\/div>\r\n\t\t\t \t\t\t\t<div class=\"col-lg-3 col-md-3 col-sm-6 col-xs-12\">\r\n\t\t\t\t\t<div class=\"ed_mostrecomeded_course\">\r\n\t\t\t\t\t\t\t\t\t\t\t<div class=\"ed_item_img\">\r\n\t\t\t\t\t\t\t<img decoding=\"async\" src=\"https:\/\/fast-cs.com\/wp-content\/uploads\/2017\/06\/t2icon.png\" alt=\"item1\" class=\"img-responsive\">\r\n\t\t\t\t\t\t<\/div>\r\n\t\t\t\t\t\t\t\t\t\t\t<div class=\"ed_item_description ed_most_recomended_data\">\r\n\t\t\t\t\t\t\t<h4><a href=\"https:\/\/fast-cs.com\/en\/services\/versandanmeldung\/\">Transit T1 \/ T2<\/a><\/h4>\r\n\t\t\t\t\t\t\t<p>\r\nTransit clearance Do you regularly transport goods to Switzerland or via Switzerland to Italy? Then benefit from us for the preparation of T2 transit documents. Click here for more... <\/p>\r\n\t\t\t\t\t\t<\/div>\r\n\t\t\t\t\t<\/div>\r\n\t\t\t\t<\/div>\r\n\t\t\t \t\t\t\t<div class=\"col-lg-3 col-md-3 col-sm-6 col-xs-12\">\r\n\t\t\t\t\t<div class=\"ed_mostrecomeded_course\">\r\n\t\t\t\t\t\t\t\t\t\t\t<div class=\"ed_item_img\">\r\n\t\t\t\t\t\t\t<img decoding=\"async\" src=\"https:\/\/fast-cs.com\/wp-content\/uploads\/2022\/03\/Herunterladen-removebg-preview.png\" alt=\"item1\" class=\"img-responsive\">\r\n\t\t\t\t\t\t<\/div>\r\n\t\t\t\t\t\t\t\t\t\t\t<div class=\"ed_item_description ed_most_recomended_data\">\r\n\t\t\t\t\t\t\t<h4><a href=\"https:\/\/fast-cs.com\/en\/services\/zollanmeldungen\/\">Customs Clearance<\/a><\/h4>\r\n\t\t\t\t\t\t\t<p>\r\n\r\n\r\n\r\n\r\n\r\nOur range of services at a glance: - Preparation of export accompanying documents | ABD - Preparation of transit declarations | Transit T1 \/ T2 - Import customs clearance CH - Export customs clearance CH - \nClick for more... <\/p>\r\n\t\t\t\t\t\t<\/div>\r\n\t\t\t\t\t<\/div>\r\n\t\t\t\t<\/div>\r\n\t\t\t \t\t\t\t<div class=\"col-lg-3 col-md-3 col-sm-6 col-xs-12\">\r\n\t\t\t\t\t<div class=\"ed_mostrecomeded_course\">\r\n\t\t\t\t\t\t\t\t\t\t\t<div class=\"ed_item_img\">\r\n\t\t\t\t\t\t\t<img decoding=\"async\" src=\"https:\/\/fast-cs.com\/wp-content\/uploads\/2024\/11\/transiticon-263x263-1.png\" alt=\"item1\" class=\"img-responsive\">\r\n\t\t\t\t\t\t<\/div>\r\n\t\t\t\t\t\t\t\t\t\t\t<div class=\"ed_item_description ed_most_recomended_data\">\r\n\t\t\t\t\t\t\t<h4><a href=\"https:\/\/fast-cs.com\/en\/services\/eori-nummer\/\">Applying for an EORI number<\/a><\/h4>\r\n\t\t\t\t\t\t\t<p>Apply for an EORI number online We will apply for your EORI number for you. Click here for more... <\/p>\r\n\t\t\t\t\t\t<\/div>\r\n\t\t\t\t\t<\/div>\r\n\t\t\t\t<\/div>\r\n\t\t\t \t\t\t  <\/div>\r\n\t\t\t  <div class=\"col-lg-12 col-md-12 col-sm-12 col-xs-12 text-center ed_toppadder30\">\r\n\t\t\t    \t\t\t    <a class=\"btn ed_btn ed_orange ajxload\" id=\"tr_services_load\">\r\n\t\t\t\t  view more\t\t\t\t<\/a>\r\n\t\t\t  <input type=\"hidden\" value=\"https:\/\/fast-cs.com\/wp-admin\/admin-ajax.php\"  id=\"transport_ajaxurl\">\r\n\t\t\t   <input type=\"hidden\" class=\"ajx_auto_incriment1\"  value=\"1\" \/> \r\n\t\t\t   <input type=\"hidden\" class=\"ajx_service_number\"  value=\"4\" \/>\r\n\t\t\t   <input type=\"hidden\" class=\"ajx_service_showmore\"  value=\"1\" \/>  \r\n\t\t\t   <\/div> \r\n\t\t  <\/div>\r\n    <\/div>\r\n<\/div><\/div>\n<\/div>\n\n\t<\/div>\n<\/section>","protected":false},"excerpt":{"rendered":"<p>EORI Nummer Online Beantragen &nbsp; Wir beantragen f\u00fcr Sie die EORI Nummer. Nach der Antragsbest\u00e4tigung, welche Sie innerhalb der n\u00e4chsten Minuten erhalten, k\u00f6nnen Sie gleich Ihre Zollanmeldung versenden um Ware zu exportieren \/ importieren. Die G\u00fcltigkeitsdauer ist bis zu 10 Jahre und Sie haben unbegrenzte Nutzung. Die EORI Nummer ist in allen EU-L\u00e4ndern benutzbar. &nbsp; [&hellip;]<\/p>\n","protected":false},"author":1,"featured_media":0,"parent":0,"menu_order":0,"comment_status":"closed","ping_status":"closed","template":"template-parts\/transport-page-fullwidth.php","meta":{"footnotes":""},"class_list":["post-185","page","type-page","status-publish","hentry"],"_links":{"self":[{"href":"https:\/\/fast-cs.com\/en\/wp-json\/wp\/v2\/pages\/185","targetHints":{"allow":["GET"]}}],"collection":[{"href":"https:\/\/fast-cs.com\/en\/wp-json\/wp\/v2\/pages"}],"about":[{"href":"https:\/\/fast-cs.com\/en\/wp-json\/wp\/v2\/types\/page"}],"author":[{"embeddable":true,"href":"https:\/\/fast-cs.com\/en\/wp-json\/wp\/v2\/users\/1"}],"replies":[{"embeddable":true,"href":"https:\/\/fast-cs.com\/en\/wp-json\/wp\/v2\/comments?post=185"}],"version-history":[{"count":5,"href":"https:\/\/fast-cs.com\/en\/wp-json\/wp\/v2\/pages\/185\/revisions"}],"predecessor-version":[{"id":578,"href":"https:\/\/fast-cs.com\/en\/wp-json\/wp\/v2\/pages\/185\/revisions\/578"}],"wp:attachment":[{"href":"https:\/\/fast-cs.com\/en\/wp-json\/wp\/v2\/media?parent=185"}],"curies":[{"name":"wp","href":"https:\/\/api.w.org\/{rel}","templated":true}]}}